{"id":161669,"date":"2025-11-27T10:05:24","date_gmt":"2025-11-27T08:05:24","guid":{"rendered":"https:\/\/pointer-news.com\/?page_id=161669"},"modified":"2025-11-27T22:15:00","modified_gmt":"2025-11-27T20:15:00","slug":"politica-de-privacidad","status":"publish","type":"page","link":"https:\/\/pointer-news.com\/es\/politica-de-privacidad\/","title":{"rendered":"Pol\u00edtica de privacidad"},"content":{"rendered":"<h2>1. Informaci\u00f3n general<\/h2>\n<p>Todo el contenido publicado en <strong>Cursor Pointer<\/strong> se proporciona \u00fanicamente con fines <strong>informativos<\/strong>. Nos esforzamos por garantizar la exactitud y actualidad de la informaci\u00f3n, sin embargo, no podemos asegurar la ausencia de errores u omisiones.<\/p>\n<h2>2. Descargo de responsabilidad<\/h2>\n<p>El uso de la informaci\u00f3n disponible en este sitio se realiza <strong>bajo su propio riesgo<\/strong>. No nos hacemos responsables de:<\/p>\n<ul>\n<li>Cualquier p\u00e9rdida, da\u00f1o o perjuicio, directo o indirecto, que resulte del uso de los materiales del sitio.<\/li>\n<li>El contenido de sitios web de terceros accesibles a trav\u00e9s de enlaces presentes en Cursor Pointer, incluidos los sitios de socios o fuentes de noticias.<\/li>\n<\/ul>\n<h2>3. Consentimiento del usuario<\/h2>\n<p>Al utilizar <strong>Cursor Pointer<\/strong>, usted reconoce y acepta que:<\/p>\n<ul>\n<li>Ha le\u00eddo, comprendido y aceptado esta Pol\u00edtica de privacidad y el Descargo de responsabilidad.<\/li>\n<li>Asume la plena responsabilidad por las consecuencias derivadas del uso de la informaci\u00f3n proporcionada en el sitio.<\/li>\n<\/ul>\n<h2>4. Recopilaci\u00f3n y uso de datos<\/h2>\n<p>Podemos utilizar <strong>cookies y otras tecnolog\u00edas<\/strong> para analizar el tr\u00e1fico y mejorar la funcionalidad del sitio. Los datos personales <strong>no se recopilan ni se comparten con terceros<\/strong>, salvo que se indique expresamente lo contrario.<\/p>\n<h2>5. Informaci\u00f3n de contacto<\/h2>\n<p>Si tiene alguna pregunta sobre esta Pol\u00edtica de privacidad o el uso de datos, puede contactarnos a trav\u00e9s de:<\/p>\n<ul>\n<li>Email: <a href=\"mailto:marketing@pointer-news.com\">marketing@pointer-news.com<\/a><\/li>\n<\/ul>\n","protected":false},"excerpt":{"rendered":"<p>1. Informaci\u00f3n general Todo el contenido publicado en Cursor Pointer se proporciona \u00fanicamente con fines informativos. Nos esforzamos por garantizar la exactitud y actualidad de la informaci\u00f3n, sin embargo, no podemos asegurar la ausencia de errores u omisiones. 2. Descargo de responsabilidad El uso de la informaci\u00f3n disponible en este sitio se realiza bajo su [&hellip;]<\/p>\n","protected":false},"author":21,"featured_media":0,"parent":0,"menu_order":0,"comment_status":"closed","ping_status":"closed","template":"","meta":{"_acf_changed":false,"inline_featured_image":false,"footnotes":""},"class_list":["post-161669","page","type-page","status-publish","hentry"],"acf":[],"_links":{"self":[{"href":"https:\/\/pointer-news.com\/es\/wp-json\/wp\/v2\/pages\/161669","targetHints":{"allow":["GET"]}}],"collection":[{"href":"https:\/\/pointer-news.com\/es\/wp-json\/wp\/v2\/pages"}],"about":[{"href":"https:\/\/pointer-news.com\/es\/wp-json\/wp\/v2\/types\/page"}],"author":[{"embeddable":true,"href":"https:\/\/pointer-news.com\/es\/wp-json\/wp\/v2\/users\/21"}],"replies":[{"embeddable":true,"href":"https:\/\/pointer-news.com\/es\/wp-json\/wp\/v2\/comments?post=161669"}],"version-history":[{"count":3,"href":"https:\/\/pointer-news.com\/es\/wp-json\/wp\/v2\/pages\/161669\/revisions"}],"predecessor-version":[{"id":162112,"href":"https:\/\/pointer-news.com\/es\/wp-json\/wp\/v2\/pages\/161669\/revisions\/162112"}],"wp:attachment":[{"href":"https:\/\/pointer-news.com\/es\/wp-json\/wp\/v2\/media?parent=161669"}],"curies":[{"name":"wp","href":"https:\/\/api.w.org\/{rel}","templated":true}]}}