{"id":162711,"date":"2025-12-01T12:34:02","date_gmt":"2025-12-01T10:34:02","guid":{"rendered":"https:\/\/pointer-news.com\/?page_id=162711"},"modified":"2025-12-01T12:38:14","modified_gmt":"2025-12-01T10:38:14","slug":"politique-en-matiere-de-cookies","status":"publish","type":"page","link":"https:\/\/pointer-news.com\/fr\/politique-en-matiere-de-cookies\/","title":{"rendered":"Politique en mati\u00e8re de cookies"},"content":{"rendered":"<p data-start=\"3457\" data-end=\"3884\">Nous utilisons des cookies pour am\u00e9liorer votre exp\u00e9rience sur notre site Web. Les cookies nous aident \u00e0 analyser le trafic, \u00e0 fournir des fonctionnalit\u00e9s essentielles et \u00e0 am\u00e9liorer l&rsquo;exp\u00e9rience utilisateur. Nous ne collectons pas de donn\u00e9es personnelles sans votre consentement. Vous pouvez ajuster les param\u00e8tres des cookies dans votre navigateur ou les d\u00e9sactiver, mais cela peut affecter certaines fonctionnalit\u00e9s du site.<\/p>\n<h2 data-start=\"3886\" data-end=\"3917\"><strong data-start=\"3886\" data-end=\"3917\">Qu&rsquo;est-ce que les cookies ?<\/strong><\/h2>\n<p data-start=\"3919\" data-end=\"4122\">Les cookies sont de petits fichiers texte stock\u00e9s sur votre appareil lorsque vous visitez notre site Web. Ils permettent au site de m\u00e9moriser vos pr\u00e9f\u00e9rences et actions afin d&rsquo;am\u00e9liorer votre exp\u00e9rience.<\/p>\n<h2 data-start=\"4124\" data-end=\"4164\"><strong data-start=\"4124\" data-end=\"4164\">Comment nous utilisons les cookies :<\/strong><\/h2>\n<ol data-start=\"4166\" data-end=\"4428\">\n<li data-start=\"4166\" data-end=\"4249\">\n<p data-start=\"4169\" data-end=\"4249\"><strong data-start=\"4169\" data-end=\"4192\">Cookies n\u00e9cessaires<\/strong> \u2014 Ils sont essentiels au bon fonctionnement du site Web.<\/p>\n<\/li>\n<li data-start=\"4250\" data-end=\"4338\">\n<p data-start=\"4253\" data-end=\"4338\"><strong data-start=\"4253\" data-end=\"4276\">Cookies analytiques<\/strong> \u2014 Ils nous aident \u00e0 am\u00e9liorer le site en analysant le trafic.<\/p>\n<\/li>\n<li data-start=\"4339\" data-end=\"4428\">\n<p data-start=\"4342\" data-end=\"4428\"><strong data-start=\"4342\" data-end=\"4367\">Cookies publicitaires<\/strong> \u2014 Ils nous aident \u00e0 vous montrer des publicit\u00e9s pertinentes.<\/p>\n<\/li>\n<\/ol>\n<h2 data-start=\"4430\" data-end=\"4461\"><strong data-start=\"4430\" data-end=\"4461\">Comment g\u00e9rer les cookies ?<\/strong><\/h2>\n<p data-start=\"4463\" data-end=\"4652\">Vous pouvez configurer ou d\u00e9sactiver les cookies via les param\u00e8tres de votre navigateur. Veuillez noter que d\u00e9sactiver les cookies peut affecter certaines fonctionnalit\u00e9s de notre site Web.<\/p>\n","protected":false},"excerpt":{"rendered":"<p>Nous utilisons des cookies pour am\u00e9liorer votre exp\u00e9rience sur notre site Web. Les cookies nous aident \u00e0 analyser le trafic, \u00e0 fournir des fonctionnalit\u00e9s essentielles et \u00e0 am\u00e9liorer l&rsquo;exp\u00e9rience utilisateur. Nous ne collectons pas de donn\u00e9es personnelles sans votre consentement. Vous pouvez ajuster les param\u00e8tres des cookies dans votre navigateur ou les d\u00e9sactiver, mais cela [&hellip;]<\/p>\n","protected":false},"author":21,"featured_media":0,"parent":0,"menu_order":0,"comment_status":"closed","ping_status":"closed","template":"","meta":{"_acf_changed":false,"inline_featured_image":false,"footnotes":""},"class_list":["post-162711","page","type-page","status-publish","hentry"],"acf":[],"_links":{"self":[{"href":"https:\/\/pointer-news.com\/fr\/wp-json\/wp\/v2\/pages\/162711","targetHints":{"allow":["GET"]}}],"collection":[{"href":"https:\/\/pointer-news.com\/fr\/wp-json\/wp\/v2\/pages"}],"about":[{"href":"https:\/\/pointer-news.com\/fr\/wp-json\/wp\/v2\/types\/page"}],"author":[{"embeddable":true,"href":"https:\/\/pointer-news.com\/fr\/wp-json\/wp\/v2\/users\/21"}],"replies":[{"embeddable":true,"href":"https:\/\/pointer-news.com\/fr\/wp-json\/wp\/v2\/comments?post=162711"}],"version-history":[{"count":3,"href":"https:\/\/pointer-news.com\/fr\/wp-json\/wp\/v2\/pages\/162711\/revisions"}],"predecessor-version":[{"id":162716,"href":"https:\/\/pointer-news.com\/fr\/wp-json\/wp\/v2\/pages\/162711\/revisions\/162716"}],"wp:attachment":[{"href":"https:\/\/pointer-news.com\/fr\/wp-json\/wp\/v2\/media?parent=162711"}],"curies":[{"name":"wp","href":"https:\/\/api.w.org\/{rel}","templated":true}]}}