{"id":164222,"date":"2025-12-01T12:34:02","date_gmt":"2025-12-01T10:34:02","guid":{"rendered":"https:\/\/pointer-news.com\/?page_id=164222"},"modified":"2025-12-08T16:24:53","modified_gmt":"2025-12-08T14:24:53","slug":"politica-de-cookies","status":"publish","type":"page","link":"https:\/\/pointer-news.com\/pt-br\/politica-de-cookies\/","title":{"rendered":"Pol\u00edtica de Cookies"},"content":{"rendered":"<p>Usamos cookies para melhorar sua experi\u00eancia em nosso site. Os cookies nos ajudam a analisar o tr\u00e1fego, fornecer fun\u00e7\u00f5es essenciais do site e aprimorar a experi\u00eancia do usu\u00e1rio. N\u00e3o coletamos dados pessoais sem o seu consentimento. Voc\u00ea pode ajustar as configura\u00e7\u00f5es de cookies no seu navegador ou desativ\u00e1-los, mas isso pode afetar algumas funcionalidades do site.<\/p>\n<h2>O que s\u00e3o cookies?<\/h2>\n<p>Cookies s\u00e3o pequenos arquivos de texto armazenados no seu dispositivo quando voc\u00ea visita nosso site. Eles permitem que o site lembre suas prefer\u00eancias e a\u00e7\u00f5es para melhorar sua experi\u00eancia.<\/p>\n<p>Como usamos os cookies:<\/p>\n<ol>\n<li>Cookies necess\u00e1rios \u2014 S\u00e3o essenciais para o funcionamento adequado do site.<\/li>\n<li>Cookies anal\u00edticos \u2014 Ajudam-nos a melhorar o site analisando o tr\u00e1fego.<\/li>\n<li>Cookies publicit\u00e1rios \u2014 Ajudam-nos a mostrar an\u00fancios relevantes para voc\u00ea.<\/li>\n<\/ol>\n<h2>Como gerenciar cookies?<\/h2>\n<p>Voc\u00ea pode configurar ou desativar os cookies atrav\u00e9s das configura\u00e7\u00f5es do seu navegador. Observe que desativar os cookies pode afetar a funcionalidade de algumas partes do nosso site.<\/p>\n","protected":false},"excerpt":{"rendered":"<p>Usamos cookies para melhorar sua experi\u00eancia em nosso site. Os cookies nos ajudam a analisar o tr\u00e1fego, fornecer fun\u00e7\u00f5es essenciais do site e aprimorar a experi\u00eancia do usu\u00e1rio. N\u00e3o coletamos dados pessoais sem o seu consentimento. Voc\u00ea pode ajustar as configura\u00e7\u00f5es de cookies no seu navegador ou desativ\u00e1-los, mas isso pode afetar algumas funcionalidades do [&hellip;]<\/p>\n","protected":false},"author":21,"featured_media":0,"parent":0,"menu_order":0,"comment_status":"closed","ping_status":"closed","template":"","meta":{"_acf_changed":false,"inline_featured_image":false,"footnotes":""},"class_list":["post-164222","page","type-page","status-publish","hentry"],"acf":[],"_links":{"self":[{"href":"https:\/\/pointer-news.com\/pt-br\/wp-json\/wp\/v2\/pages\/164222","targetHints":{"allow":["GET"]}}],"collection":[{"href":"https:\/\/pointer-news.com\/pt-br\/wp-json\/wp\/v2\/pages"}],"about":[{"href":"https:\/\/pointer-news.com\/pt-br\/wp-json\/wp\/v2\/types\/page"}],"author":[{"embeddable":true,"href":"https:\/\/pointer-news.com\/pt-br\/wp-json\/wp\/v2\/users\/21"}],"replies":[{"embeddable":true,"href":"https:\/\/pointer-news.com\/pt-br\/wp-json\/wp\/v2\/comments?post=164222"}],"version-history":[{"count":3,"href":"https:\/\/pointer-news.com\/pt-br\/wp-json\/wp\/v2\/pages\/164222\/revisions"}],"predecessor-version":[{"id":164225,"href":"https:\/\/pointer-news.com\/pt-br\/wp-json\/wp\/v2\/pages\/164222\/revisions\/164225"}],"wp:attachment":[{"href":"https:\/\/pointer-news.com\/pt-br\/wp-json\/wp\/v2\/media?parent=164222"}],"curies":[{"name":"wp","href":"https:\/\/api.w.org\/{rel}","templated":true}]}}